{"id":9601,"date":"2024-12-22T15:52:27","date_gmt":"2024-12-22T13:52:27","guid":{"rendered":"https:\/\/wp.funkab.ee\/?page_id=9601"},"modified":"2026-04-19T14:52:26","modified_gmt":"2026-04-19T11:52:26","slug":"kkk","status":"publish","type":"page","link":"https:\/\/wp.funkab.ee\/ru\/kkk\/","title":{"rendered":"FAQ"},"content":{"rendered":"<div class=\"wpb-content-wrapper\"><p>[vc_row][vc_column][vc_column_text css=&#8221;&#8221; woodmart_inline=&#8221;no&#8221; text_larger=&#8221;no&#8221;]Teenused, mida me ei paku<\/p>\n<p>\u201cOleme spetsialiseerunud kodumasinate, nagu n\u00f5udepesumasinad, pesumasinad, ahjud ja pliidid, hooldusele ja remondile. Meie eesm\u00e4rk on pakkuda kvaliteetset ja keskendunud teenust, seet\u00f5ttu ei paku me remonti j\u00e4rgnevatele seadmetele:\u201d<\/p>\n<p>1. K\u00fclmikud ja s\u00fcgavk\u00fclmikud<br \/>\n2. Tolmuimejad<br \/>\n3. R\u00f6sterid, blenderid ja muu v\u00e4ikekodutehnika<br \/>\n4. Gaasiseadmed(pliidid,ahjud)<\/p>\n<p>&nbsp;<\/p>\n<p>\u201cKui otsite nende seadmete remondi- v\u00f5i hooldusteenust, soovitame p\u00f6\u00f6rduda vastava ala spetsialistide poole.\u201d[\/vc_column_text][\/vc_column][\/vc_row][vc_row full_width=&#8221;stretch_row_content&#8221; content_placement=&#8221;middle&#8221; woodmart_bg_position=&#8221;center-bottom&#8221; css=&#8221;.vc_custom_1736780403692{margin-bottom: -40px !important;padding-top: 10px !important;padding-bottom: 10px !important;background-color: #0D577D !important;background-position: center !important;background-repeat: no-repeat !important;background-size: contain !important;}&#8221; mobile_bg_img_hidden=&#8221;no&#8221; tablet_bg_img_hidden=&#8221;no&#8221; woodmart_parallax=&#8221;0&#8243; woodmart_gradient_switch=&#8221;no&#8221; row_reverse_mobile=&#8221;0&#8243; row_reverse_tablet=&#8221;0&#8243; woodmart_disable_overflow=&#8221;0&#8243; wd_z_index=&#8221;no&#8221; woodmart_css_id=&#8221;67852a6b4a31e&#8221; responsive_spacing=&#8221;eyJwYXJhbV90eXBlIjoid29vZG1hcnRfcmVzcG9uc2l2ZV9zcGFjaW5nIiwic2VsZWN0b3JfaWQiOiI2Nzg1MmE2YjRhMzFlIiwic2hvcnRjb2RlIjoidmNfcm93IiwiZGF0YSI6eyJ0YWJsZXQiOnt9LCJtb2JpbGUiOnt9fX0=&#8221; woodmart_box_shadow=&#8221;no&#8221;][vc_column width=&#8221;1\/2&#8243; offset=&#8221;vc_col-lg-7&#8243; mobile_bg_img_hidden=&#8221;no&#8221; tablet_bg_img_hidden=&#8221;no&#8221; woodmart_parallax=&#8221;0&#8243; woodmart_sticky_column=&#8221;false&#8221; parallax_scroll=&#8221;no&#8221; mobile_reset_margin=&#8221;no&#8221; tablet_reset_margin=&#8221;no&#8221; wd_z_index=&#8221;no&#8221; woodmart_css_id=&#8221;670f61bf0e8f2&#8243; responsive_spacing=&#8221;eyJwYXJhbV90eXBlIjoid29vZG1hcnRfcmVzcG9uc2l2ZV9zcGFjaW5nIiwic2VsZWN0b3JfaWQiOiI2NzBmNjFiZjBlOGYyIiwic2hvcnRjb2RlIjoidmNfY29sdW1uIiwiZGF0YSI6eyJ0YWJsZXQiOnt9LCJtb2JpbGUiOnt9fX0=&#8221; wd_collapsible_content_switcher=&#8221;no&#8221; wd_column_role_offcanvas_desktop=&#8221;no&#8221; wd_column_role_offcanvas_tablet=&#8221;no&#8221; wd_column_role_offcanvas_mobile=&#8221;no&#8221; wd_column_role_content_desktop=&#8221;no&#8221; wd_column_role_content_tablet=&#8221;no&#8221; wd_column_role_content_mobile=&#8221;no&#8221; woodmart_box_shadow=&#8221;no&#8221;]\t\t\t<link rel=\"stylesheet\" id=\"wd-section-title-css\" href=\"https:\/\/wp.funkab.ee\/wp-content\/themes\/funkab2\/css\/parts\/el-section-title.min.css?ver=7.6.0\" type=\"text\/css\" media=\"all\" \/> \t\t\t\t\t\t<link rel=\"stylesheet\" id=\"wd-mod-highlighted-text-css\" href=\"https:\/\/wp.funkab.ee\/wp-content\/themes\/funkab2\/css\/parts\/mod-highlighted-text.min.css?ver=7.6.0\" type=\"text\/css\" media=\"all\" \/> \t\t\t\n\t\t<div id=\"wd-67852916578fa\" class=\"title-wrapper wd-wpb set-mb-s reset-last-child  wd-rs-67852916578fa wd-title-color-white wd-title-style-default text-center  wd-underline-colored\">\n\t\t\t\n\t\t\t<div class=\"liner-continer\">\n\t\t\t\t<h4 class=\"woodmart-title-container title  wd-font-weight- wd-fontsize-xxxl\" >Head lahendused saavad alguse siit<\/h4>\n\t\t\t\t\t\t\t<\/div>\n\t\t\t\n\t\t\t\n\t\t\t\n\t\t<\/div>\n\t\t\n\t\t[\/vc_column][vc_column width=&#8221;1\/2&#8243; woodmart_color_scheme=&#8221;light&#8221; offset=&#8221;vc_col-lg-5&#8243; mobile_bg_img_hidden=&#8221;no&#8221; tablet_bg_img_hidden=&#8221;no&#8221; woodmart_parallax=&#8221;0&#8243; woodmart_sticky_column=&#8221;false&#8221; parallax_scroll=&#8221;no&#8221; mobile_reset_margin=&#8221;no&#8221; tablet_reset_margin=&#8221;no&#8221; css=&#8221;.vc_custom_1623932178155{padding-top: 0px !important;}&#8221;]<div id=\"wd-676fc1c61b199\" class=\" wd-rs-676fc1c61b199 vc_custom_1735377356738 wd-button-wrapper text-center\"><a href=\"https:\/\/wp.funkab.ee\/broneeri\/\" title=\"\" class=\"btn btn-color-alt btn-style-default btn-style-rectangle btn-size-large\">Broneerige v\u00e4ljakutse<\/a><\/div>[\/vc_column][\/vc_row]<\/p>\n<\/div>","protected":false},"excerpt":{"rendered":"<p>[vc_row][vc_column][vc_column_text css=&#8221;&#8221; woodmart_inline=&#8221;no&#8221; text_larger=&#8221;no&#8221;]Teenused, mida me ei paku \u201cOleme spetsialiseerunud kodumasinate, nagu n\u00f5udepesumasinad, pesumasinad, ahjud ja pliidid, hooldusele ja remondile.<\/p>\n","protected":false},"author":4,"featured_media":0,"parent":0,"menu_order":0,"comment_status":"closed","ping_status":"closed","template":"","meta":{"footnotes":""},"class_list":["post-9601","page","type-page","status-publish","hentry"],"yoast_head":"<!-- This site is optimized with the Yoast SEO plugin v27.4 - https:\/\/yoast.com\/product\/yoast-seo-wordpress\/ -->\n<title>FAQ - Kodumasinateremont<\/title>\n<meta name=\"robots\" content=\"index, follow, max-snippet:-1, max-image-preview:large, max-video-preview:-1\" \/>\n<link rel=\"canonical\" href=\"https:\/\/wp.funkab.ee\/ru\/kkk\/\" \/>\n<meta property=\"og:locale\" content=\"ru_RU\" \/>\n<meta property=\"og:type\" content=\"article\" \/>\n<meta property=\"og:title\" content=\"FAQ - Kodumasinateremont\" \/>\n<meta property=\"og:description\" content=\"[vc_row][vc_column][vc_column_text css=&#8221;&#8221; woodmart_inline=&#8221;no&#8221; text_larger=&#8221;no&#8221;]Teenused, mida me ei paku \u201cOleme spetsialiseerunud kodumasinate, nagu n\u00f5udepesumasinad, pesumasinad, ahjud ja pliidid, hooldusele ja remondile.\" \/>\n<meta property=\"og:url\" content=\"https:\/\/wp.funkab.ee\/ru\/kkk\/\" \/>\n<meta property=\"og:site_name\" content=\"Kodumasinateremont\" \/>\n<meta property=\"article:modified_time\" content=\"2026-04-19T11:52:26+00:00\" \/>\n<meta name=\"twitter:card\" content=\"summary_large_image\" \/>\n<meta name=\"twitter:label1\" content=\"Est. reading time\" \/>\n\t<meta name=\"twitter:data1\" content=\"1 minute\" \/>\n<script type=\"application\/ld+json\" class=\"yoast-schema-graph\">{\"@context\":\"https:\\\/\\\/schema.org\",\"@graph\":[{\"@type\":\"WebPage\",\"@id\":\"https:\\\/\\\/wp.funkab.ee\\\/ru\\\/kkk\\\/\",\"url\":\"https:\\\/\\\/wp.funkab.ee\\\/ru\\\/kkk\\\/\",\"name\":\"FAQ - Kodumasinateremont\",\"isPartOf\":{\"@id\":\"https:\\\/\\\/wp.funkab.ee\\\/ru\\\/#website\"},\"datePublished\":\"2024-12-22T13:52:27+00:00\",\"dateModified\":\"2026-04-19T11:52:26+00:00\",\"breadcrumb\":{\"@id\":\"https:\\\/\\\/wp.funkab.ee\\\/ru\\\/kkk\\\/#breadcrumb\"},\"inLanguage\":\"ru\",\"potentialAction\":[{\"@type\":\"ReadAction\",\"target\":[[\"https:\\\/\\\/wp.funkab.ee\\\/ru\\\/kkk\\\/\"]]}]},{\"@type\":\"BreadcrumbList\",\"@id\":\"https:\\\/\\\/wp.funkab.ee\\\/ru\\\/kkk\\\/#breadcrumb\",\"itemListElement\":[{\"@type\":\"ListItem\",\"position\":1,\"name\":\"Home\",\"item\":\"https:\\\/\\\/wp.funkab.ee\\\/ru\\\/\"},{\"@type\":\"ListItem\",\"position\":2,\"name\":\"KKK\"}]},{\"@type\":\"WebSite\",\"@id\":\"https:\\\/\\\/wp.funkab.ee\\\/ru\\\/#website\",\"url\":\"https:\\\/\\\/wp.funkab.ee\\\/ru\\\/\",\"name\":\"Kodumasinateremont\",\"description\":\"Kodumasinateremont,Pesumasinateremont\",\"potentialAction\":[{\"@type\":\"SearchAction\",\"target\":{\"@type\":\"EntryPoint\",\"urlTemplate\":\"https:\\\/\\\/wp.funkab.ee\\\/ru\\\/?s={search_term_string}\"},\"query-input\":{\"@type\":\"PropertyValueSpecification\",\"valueRequired\":true,\"valueName\":\"search_term_string\"}}],\"inLanguage\":\"ru\"}]}<\/script>\n<!-- \/ Yoast SEO plugin. -->","yoast_head_json":{"title":"FAQ - Kodumasinateremont","robots":{"index":"index","follow":"follow","max-snippet":"max-snippet:-1","max-image-preview":"max-image-preview:large","max-video-preview":"max-video-preview:-1"},"canonical":"https:\/\/wp.funkab.ee\/ru\/kkk\/","og_locale":"ru_RU","og_type":"article","og_title":"FAQ - Kodumasinateremont","og_description":"[vc_row][vc_column][vc_column_text css=&#8221;&#8221; woodmart_inline=&#8221;no&#8221; text_larger=&#8221;no&#8221;]Teenused, mida me ei paku \u201cOleme spetsialiseerunud kodumasinate, nagu n\u00f5udepesumasinad, pesumasinad, ahjud ja pliidid, hooldusele ja remondile.","og_url":"https:\/\/wp.funkab.ee\/ru\/kkk\/","og_site_name":"Kodumasinateremont","article_modified_time":"2026-04-19T11:52:26+00:00","twitter_card":"summary_large_image","twitter_misc":{"Est. reading time":"1 minute"},"schema":{"@context":"https:\/\/schema.org","@graph":[{"@type":"WebPage","@id":"https:\/\/wp.funkab.ee\/ru\/kkk\/","url":"https:\/\/wp.funkab.ee\/ru\/kkk\/","name":"FAQ - Kodumasinateremont","isPartOf":{"@id":"https:\/\/wp.funkab.ee\/ru\/#website"},"datePublished":"2024-12-22T13:52:27+00:00","dateModified":"2026-04-19T11:52:26+00:00","breadcrumb":{"@id":"https:\/\/wp.funkab.ee\/ru\/kkk\/#breadcrumb"},"inLanguage":"ru","potentialAction":[{"@type":"ReadAction","target":[["https:\/\/wp.funkab.ee\/ru\/kkk\/"]]}]},{"@type":"BreadcrumbList","@id":"https:\/\/wp.funkab.ee\/ru\/kkk\/#breadcrumb","itemListElement":[{"@type":"ListItem","position":1,"name":"Home","item":"https:\/\/wp.funkab.ee\/ru\/"},{"@type":"ListItem","position":2,"name":"KKK"}]},{"@type":"WebSite","@id":"https:\/\/wp.funkab.ee\/ru\/#website","url":"https:\/\/wp.funkab.ee\/ru\/","name":"Kodumasinateremont","description":"Kodumasinateremont,Pesumasinateremont","potentialAction":[{"@type":"SearchAction","target":{"@type":"EntryPoint","urlTemplate":"https:\/\/wp.funkab.ee\/ru\/?s={search_term_string}"},"query-input":{"@type":"PropertyValueSpecification","valueRequired":true,"valueName":"search_term_string"}}],"inLanguage":"ru"}]}},"_links":{"self":[{"href":"https:\/\/wp.funkab.ee\/ru\/wp-json\/wp\/v2\/pages\/9601","targetHints":{"allow":["GET"]}}],"collection":[{"href":"https:\/\/wp.funkab.ee\/ru\/wp-json\/wp\/v2\/pages"}],"about":[{"href":"https:\/\/wp.funkab.ee\/ru\/wp-json\/wp\/v2\/types\/page"}],"author":[{"embeddable":true,"href":"https:\/\/wp.funkab.ee\/ru\/wp-json\/wp\/v2\/users\/4"}],"replies":[{"embeddable":true,"href":"https:\/\/wp.funkab.ee\/ru\/wp-json\/wp\/v2\/comments?post=9601"}],"version-history":[{"count":7,"href":"https:\/\/wp.funkab.ee\/ru\/wp-json\/wp\/v2\/pages\/9601\/revisions"}],"predecessor-version":[{"id":9760,"href":"https:\/\/wp.funkab.ee\/ru\/wp-json\/wp\/v2\/pages\/9601\/revisions\/9760"}],"wp:attachment":[{"href":"https:\/\/wp.funkab.ee\/ru\/wp-json\/wp\/v2\/media?parent=9601"}],"curies":[{"name":"wp","href":"https:\/\/api.w.org\/{rel}","templated":true}]}}